{"id":44,"date":"2021-06-18T09:53:48","date_gmt":"2021-06-18T07:53:48","guid":{"rendered":"http:\/\/gianolabs.it\/?page_id=44"},"modified":"2021-06-23T08:45:25","modified_gmt":"2021-06-23T06:45:25","slug":"chi-siamo","status":"publish","type":"page","link":"https:\/\/www.gianolabs.it\/index.php\/chi-siamo\/","title":{"rendered":"Chi siamo"},"content":{"rendered":"\n<div class=\"wp-block-columns is-layout-flex wp-container-core-columns-is-layout-9d6595d7 wp-block-columns-is-layout-flex\">\n<div class=\"wp-block-column is-vertically-aligned-center is-layout-flow wp-block-column-is-layout-flow\" style=\"flex-basis:50%\">\n<h3 class=\"wp-block-heading\">AEC Soluzioni<\/h3>\n\n\n\n<p class=\"has-text-align-left\">AEC Soluzioni \u00e8 una PMI innovativa che, grazie alla consolidata esperienza dei fondatori, sviluppa soluzioni software industriali in grado di integrare e gestire congiuntamente tutte le attivit\u00e0 della fabbrica, dalla pianificazione alla produzione e alla logistica, adottando tecnologie digitali di ultima generazione.<br>L\u2019obiettivo di AEC Soluzioni \u00e8 quello di aiutare le aziende a lavorare meglio, semplificando ove possibile le complessit\u00e0 legate alla gestione di uno stabilimento, migliorando la produttivit\u00e0 delle persone e l\u2019efficienza degli impianti. <br>Attraverso la piattaforma jpiano\u00ae, un software MES di nuova generazione progettato e sviluppato internamente, \u00e8 possibile sviluppare soluzioni \u201cIndustria 4.0\u201d che consentono di instaurare una comunicazione bidirezionale con macchine e robot.<\/p>\n<\/div>\n\n\n\n<div class=\"wp-block-column is-layout-flow wp-block-column-is-layout-flow\" style=\"flex-basis:50%\">\n<div class=\"wp-block-image\"><figure class=\"aligncenter size-large is-resized\"><img loading=\"lazy\" decoding=\"async\" src=\"https:\/\/www.aecsoluzioni.it\/wp\/wp-content\/uploads\/2021\/06\/display_logo.png\" alt=\"\" width=\"423\" height=\"423\"\/><\/figure><\/div>\n<\/div>\n<\/div>\n\n\n\n<div class=\"wp-block-buttons is-content-justification-center is-layout-flex wp-block-buttons-is-layout-flex\">\n<div class=\"wp-block-button\"><a class=\"wp-block-button__link\" href=\"https:\/\/www.aecsoluzioni.it\/wp\/\" style=\"border-radius:16px\" target=\"_blank\" rel=\"noreferrer noopener\">Visita il sito<\/a><\/div>\n\n\n\n<div class=\"wp-block-button is-style-fill\"><a class=\"wp-block-button__link\" href=\"https:\/\/www.aecsoluzioni.it\/wp\/contacts-page\/\" style=\"border-radius:16px\" target=\"_blank\" rel=\"noreferrer noopener\">Contattaci<\/a><\/div>\n<\/div>\n\n\n\n<hr class=\"wp-block-separator\"\/>\n\n\n\n<br>\n\n\n\n<div class=\"wp-block-columns is-layout-flex wp-container-core-columns-is-layout-9d6595d7 wp-block-columns-is-layout-flex\">\n<div class=\"wp-block-column is-layout-flow wp-block-column-is-layout-flow\">\n<h3 class=\"wp-block-heading\">Primeconcept<\/h3>\n\n\n\n<p>Primeconcept crea soluzioni di visione artificiale su misura e chiavi in mano. Partner System Integrator (PSI) di Cognex dalla nascita nel 2007, siamo stati la prima azienda italiana ad utilizzare la tecnologia del deep learning applicata alla visione industriale. Adottiamo la formula \u201cpay-per-performance\u201d per garantire risultati straordinari. Forti di oltre cinquant&#8217;anni di esperienza collettiva, siamo professionisti nella progettazione, nell\u2019ingegnerizzazione e nell\u2019implementazione di sistemi di visione artificiale lungo tutta la linea di produzione industriale nonch\u00e9 a monte e a valle di essa. La capacit\u00e0 dell&#8217;azienda di integrare l&#8217;intelligenza artificiale con la visione industriale ha portato a soluzioni inedite e innovative che hanno rivoluzionato i sistemi di controllo qualit\u00e0, ricerca anomalie o difetti, localizzazione e classificazione. La nostra proposta spazia dall&#8217;automazione dei controlli sulle linee di produzione alle molteplici possibilit\u00e0 di comprensione dei processi su scale spaziali e temporali variabili. L&#8217;intelligenza artificiale ci permette non solo di effettuare controlli &#8220;human-like&#8221;, caratterizzati dalla velocit\u00e0, affidabilit\u00e0 e ripetibilit\u00e0 tipiche delle macchine, ma ci fornisce anche la possibilit\u00e0 di estrapolare una quantit\u00e0 di informazioni cos\u00ec ricca da consentire valutazioni molto sofisticate sul progresso dei processi produttivi.<\/p>\n<\/div>\n\n\n\n<div class=\"wp-block-column is-vertically-aligned-center is-layout-flow wp-block-column-is-layout-flow\">\n<div class=\"wp-block-image\"><figure class=\"aligncenter size-large\"><img decoding=\"async\" src=\"https:\/\/www.primeconcept.it\/wp-content\/uploads\/2017\/05\/prime_logosito-01.png\" alt=\"\"\/><\/figure><\/div>\n<\/div>\n<\/div>\n\n\n\n<div class=\"wp-block-buttons is-content-justification-center is-layout-flex wp-block-buttons-is-layout-flex\">\n<div class=\"wp-block-button\"><a class=\"wp-block-button__link\" href=\"https:\/\/www.primeconcept.it\/\" style=\"border-radius:16px\" target=\"_blank\" rel=\"noreferrer noopener\">Visita il sito<\/a><\/div>\n\n\n\n<div class=\"wp-block-button is-style-fill\"><a class=\"wp-block-button__link\" href=\"https:\/\/www.primeconcept.it\/contatti\/\" style=\"border-radius:16px\" target=\"_blank\" rel=\"noreferrer noopener\">Contattaci<\/a><\/div>\n<\/div>\n\n\n\n<hr class=\"wp-block-separator\"\/>\n\n\n\n<br>\n\n\n\n<div class=\"wp-block-columns is-layout-flex wp-container-core-columns-is-layout-9d6595d7 wp-block-columns-is-layout-flex\">\n<div class=\"wp-block-column is-layout-flow wp-block-column-is-layout-flow\">\n<h3 class=\"wp-block-heading\">AND Italia<\/h3>\n\n\n\n<p>And Italia \u00e8 un\u2019azienda IT torinese che si occupa prevalentemente di intelligenza artificiale. And, nata nel 2017, dopo un primo periodo di organizzazione e di studio delle potenzialit\u00e0 dello strumento ha concluso una <strong>partnership con IBM <\/strong>perch\u00e9 rilevata come uno dei fornitori di AI pi\u00f9 competenti e completi. And si trova Torino ed ha un organico di 10 persone. Grazie all\u2019esperienza maturata nel settore, And italia \u00e8 in grado di fornire servizi per lo sviluppo di <strong>applicazioni&nbsp; per l\u2019analisi dei dati<\/strong> e per la <strong>creazione di assistenti virtuali<\/strong>.&nbsp;<br>And investe costantemente in ricerca e nello sviluppo dei suoi prodotti. And Italia fornisce servizi di analisi dei dati e di blockchain oltre che lo sviluppo di progetti totalmente custom. L\u2019esperienza maturata fino ad oggi nel settore intelligenza artificiale permette un approccio ai progetti totalmente innovativo contribuendo a renderli rispondenti alle pi\u00f9 moderne tendenze IT.<br>And Italia ha sviluppato dei prodotti basati sull\u2019intelligenza artificiale per un mondo in continua evoluzione in cui il contributo di questa tecnologia non potr\u00e0 che essere determinante. In questo contesto And ha realizzato <strong>dei prodotti legati da un comune denominatore, l\u2019assistente virtuale<\/strong><\/p>\n<\/div>\n\n\n\n<div class=\"wp-block-column is-vertically-aligned-center is-layout-flow wp-block-column-is-layout-flow\">\n<div class=\"wp-block-image\"><figure class=\"aligncenter size-large is-resized\"><img loading=\"lazy\" decoding=\"async\" src=\"https:\/\/and-italia.it\/wp-content\/uploads\/2019\/05\/logo_last.png\" alt=\"\" width=\"378\" height=\"213\"\/><\/figure><\/div>\n<\/div>\n<\/div>\n\n\n\n<div class=\"wp-block-buttons is-content-justification-center is-layout-flex wp-block-buttons-is-layout-flex\">\n<div class=\"wp-block-button\"><a class=\"wp-block-button__link\" href=\"https:\/\/and-italia.it\/\" style=\"border-radius:16px\" target=\"_blank\" rel=\"noreferrer noopener\">Visita il sito<\/a><\/div>\n\n\n\n<div class=\"wp-block-button is-style-fill\"><a class=\"wp-block-button__link\" href=\"https:\/\/and-italia.it\/contatti\/\" style=\"border-radius:16px\" target=\"_blank\" rel=\"noreferrer noopener\">Contattaci<\/a><\/div>\n<\/div>\n\n\n\n<br> <br>\n","protected":false},"excerpt":{"rendered":"<p>AEC Soluzioni AEC Soluzioni \u00e8 una PMI innovativa che, grazie alla consolidata esperienza dei fondatori, sviluppa soluzioni software industriali in grado di integrare e gestire congiuntamente tutte le attivit\u00e0 della fabbrica, dalla pianificazione alla produzione e alla logistica, adottando tecnologie digitali di ultima generazione.L\u2019obiettivo di AEC Soluzioni \u00e8 quello di aiutare le aziende a lavorare [&hellip;]<\/p>\n","protected":false},"author":1,"featured_media":0,"parent":0,"menu_order":0,"comment_status":"closed","ping_status":"closed","template":"","meta":{"footnotes":""},"class_list":["post-44","page","type-page","status-publish","hentry"],"_links":{"self":[{"href":"https:\/\/www.gianolabs.it\/index.php\/wp-json\/wp\/v2\/pages\/44","targetHints":{"allow":["GET"]}}],"collection":[{"href":"https:\/\/www.gianolabs.it\/index.php\/wp-json\/wp\/v2\/pages"}],"about":[{"href":"https:\/\/www.gianolabs.it\/index.php\/wp-json\/wp\/v2\/types\/page"}],"author":[{"embeddable":true,"href":"https:\/\/www.gianolabs.it\/index.php\/wp-json\/wp\/v2\/users\/1"}],"replies":[{"embeddable":true,"href":"https:\/\/www.gianolabs.it\/index.php\/wp-json\/wp\/v2\/comments?post=44"}],"version-history":[{"count":13,"href":"https:\/\/www.gianolabs.it\/index.php\/wp-json\/wp\/v2\/pages\/44\/revisions"}],"predecessor-version":[{"id":65,"href":"https:\/\/www.gianolabs.it\/index.php\/wp-json\/wp\/v2\/pages\/44\/revisions\/65"}],"wp:attachment":[{"href":"https:\/\/www.gianolabs.it\/index.php\/wp-json\/wp\/v2\/media?parent=44"}],"curies":[{"name":"wp","href":"https:\/\/api.w.org\/{rel}","templated":true}]}}